{"id":1051,"date":"2020-10-20T17:38:53","date_gmt":"2020-10-20T15:38:53","guid":{"rendered":"https:\/\/www.grafas.org\/demo01\/?page_id=1051"},"modified":"2025-02-04T21:53:05","modified_gmt":"2025-02-04T20:53:05","slug":"investice","status":"publish","type":"page","link":"https:\/\/diamond-dream.cz\/?page_id=1051","title":{"rendered":"Investice"},"content":{"rendered":"\t\t<div data-elementor-type=\"wp-page\" data-elementor-id=\"1051\" class=\"elementor elementor-1051\">\n\t\t\t\t\t\t<section class=\"elementor-section elementor-top-section elementor-element elementor-element-3d5fd10 elementor-section-height-min-height elementor-section-items-bottom elementor-section-boxed elementor-section-height-default\" data-id=\"3d5fd10\" data-element_type=\"section\" data-e-type=\"section\" data-settings=\"{&quot;background_background&quot;:&quot;classic&quot;}\">\n\t\t\t\t\t\t\t<div class=\"elementor-background-overlay\"><\/div>\n\t\t\t\t\t\t\t<div class=\"elementor-container elementor-column-gap-default\">\n\t\t\t\t\t<div class=\"elementor-column elementor-col-100 elementor-top-column elementor-element elementor-element-ccebf18\" data-id=\"ccebf18\" data-element_type=\"column\" data-e-type=\"column\">\n\t\t\t<div class=\"elementor-widget-wrap elementor-element-populated\">\n\t\t\t\t\t\t<div class=\"elementor-element elementor-element-9bdbdad elementor-widget elementor-widget-heading\" data-id=\"9bdbdad\" data-element_type=\"widget\" data-e-type=\"widget\" data-widget_type=\"heading.default\">\n\t\t\t\t<div class=\"elementor-widget-container\">\n\t\t\t\t\t<h1 class=\"elementor-heading-title elementor-size-default\">INVESTICE<\/h1>\t\t\t\t<\/div>\n\t\t\t\t<\/div>\n\t\t\t\t<div class=\"elementor-element elementor-element-a52207e elementor-hidden-phone elementor-widget elementor-widget-spacer\" data-id=\"a52207e\" data-element_type=\"widget\" data-e-type=\"widget\" data-widget_type=\"spacer.default\">\n\t\t\t\t<div class=\"elementor-widget-container\">\n\t\t\t\t\t\t\t<div class=\"elementor-spacer\">\n\t\t\t<div class=\"elementor-spacer-inner\"><\/div>\n\t\t<\/div>\n\t\t\t\t\t\t<\/div>\n\t\t\t\t<\/div>\n\t\t\t\t\t<\/div>\n\t\t<\/div>\n\t\t\t\t\t<\/div>\n\t\t<\/section>\n\t\t\t\t<section class=\"elementor-section elementor-top-section elementor-element elementor-element-3993bd11 elementor-section-boxed elementor-section-height-default elementor-section-height-default\" data-id=\"3993bd11\" data-element_type=\"section\" data-e-type=\"section\">\n\t\t\t\t\t\t<div class=\"elementor-container elementor-column-gap-default\">\n\t\t\t\t\t<div class=\"elementor-column elementor-col-50 elementor-top-column elementor-element elementor-element-5a9579f9\" data-id=\"5a9579f9\" data-element_type=\"column\" data-e-type=\"column\">\n\t\t\t<div class=\"elementor-widget-wrap elementor-element-populated\">\n\t\t\t\t\t\t<div class=\"elementor-element elementor-element-500a24d2 elementor-widget elementor-widget-heading\" data-id=\"500a24d2\" data-element_type=\"widget\" data-e-type=\"widget\" data-widget_type=\"heading.default\">\n\t\t\t\t<div class=\"elementor-widget-container\">\n\t\t\t\t\t<h2 class=\"elementor-heading-title elementor-size-default\">Investice do diamant\u016f, zlata a drah\u00fdch kamen\u016f\n\n<\/h2>\t\t\t\t<\/div>\n\t\t\t\t<\/div>\n\t\t\t\t<div class=\"elementor-element elementor-element-7824ce9f elementor-widget__width-initial elementor-widget elementor-widget-text-editor\" data-id=\"7824ce9f\" data-element_type=\"widget\" data-e-type=\"widget\" data-widget_type=\"text-editor.default\">\n\t\t\t\t<div class=\"elementor-widget-container\">\n\t\t\t\t\t\t\t\t\t<p class=\"p1\"><span style=\"color: var(--global-palette4);\">Ve spole\u010dnosti DIAMOND DREAM CZ s.r.o. v\u00e1m nab\u00edz\u00edme jedine\u010dnou p\u0159\u00edle\u017eitost investovat do diamant\u016f, zlata a drah\u00fdch kamen\u016f, jedn\u011bch z nejstabiln\u011bj\u0161\u00edch a nejcenn\u011bj\u0161\u00edch komodit na sv\u011btov\u00e9m trhu. Na\u0161e investi\u010dn\u00ed produkty jsou pe\u010dliv\u011b vybr\u00e1ny, aby v\u00e1m poskytly maxim\u00e1ln\u00ed zhodnocen\u00ed a dlouhodobou hodnotu. K tomu p\u0159istupujeme s maxim\u00e1ln\u00ed diskr\u00e9tnost\u00ed a individu\u00e1ln\u00edm p\u0159\u00edstupem, kter\u00fd zaru\u010duje, \u017ee ka\u017ed\u00e1 investice je p\u0159izp\u016fsobena va\u0161im specifick\u00fdm pot\u0159eb\u00e1m.<\/span><\/p><p><span class=\"s1\"><b>Investice do diamant\u016f a drah\u00fdch kamen\u016f<\/b><\/span><br \/>Diamanty a drah\u00e9 kameny nejsou pouze symbolem luxusu, ale i osv\u011bd\u010den\u00fdm zp\u016fsobem, jak uchovat a zhodnotit sv\u016fj kapit\u00e1l. Spl\u0148uj\u00ed p\u0159\u00edsn\u00e1 krit\u00e9ria kvality, v\u010detn\u011b certifikace a hodnoty, a jsou vyb\u00edr\u00e1ny tak, aby byly nejen bezpe\u010dnou, ale i v\u00fdnosnou investic\u00ed. Ve\u0161ker\u00e9 informace o va\u0161ich investic\u00edch jsou u n\u00e1s zcela d\u016fv\u011brn\u00e9, a\u0165 u\u017e jde o v\u00fdb\u011br, cenu nebo detaily transakc\u00ed.<\/p><p><span class=\"s1\"><b>Investice do zlata<br \/><\/b><\/span>Zlato je osv\u011bd\u010den\u00fdm zp\u016fsobem ochrany majetku a uchov\u00e1n\u00ed hodnoty. Nab\u00edz\u00edme mo\u017enost investic do r\u016fzn\u00fdch form\u00e1t\u016f zlata, a to od zlat\u00fdch cihli\u010dek, slitk\u016f a\u017e po mince a \u0161perky. Ka\u017ed\u00e1 investice do zlata je transparentn\u00ed, a p\u0159itom zachov\u00e1v\u00e1 nejvy\u0161\u0161\u00ed \u00farove\u0148 diskr\u00e9tnosti.<\/p><p><span class=\"s1\"><b>Pro\u010d investovat s n\u00e1mi?<\/b><\/span><br \/>\u2022 <span style=\"text-decoration: underline;\">Individu\u00e1ln\u00ed p\u0159\u00edstup<\/span>: Ka\u017ed\u00fd klient je pro n\u00e1s jedine\u010dn\u00fd a ka\u017ed\u00fd investi\u010dn\u00ed pl\u00e1n je p\u0159izp\u016fsoben na m\u00edru.<br \/>\u2022 <span style=\"text-decoration: underline;\">Diskr\u00e9tnost<\/span>: Zaru\u010dujeme maxim\u00e1ln\u00ed ochranu osobn\u00edch informac\u00ed a zaji\u0161t\u011bn\u00ed soukrom\u00ed p\u0159i ka\u017ed\u00e9 investici.<br \/>\u2022 <span style=\"text-decoration: underline;\">Odbornost a bezpe\u010dnost<\/span>: Na\u0161i odborn\u00edci v\u00e1m poskytuj\u00ed poradenstv\u00ed na z\u00e1klad\u011b hlubok\u00fdch znalost\u00ed trhu a zaji\u0161\u0165uj\u00ed bezpe\u010dn\u00e9 ulo\u017een\u00ed va\u0161ich investic.<\/p><p>Investice do diamant\u016f, zlata a drah\u00fdch kamen\u016f je krokem k bezpe\u010dn\u00e9 budoucnosti. Spojte se s n\u00e1mi, abyste zjistili, jak v\u00e1m m\u016f\u017eeme pomoci zhodnotit v\u00e1\u0161 kapit\u00e1l s diskr\u00e9tnost\u00ed, profesionalitou a individu\u00e1ln\u00edm p\u0159\u00edstupem.<\/p>\t\t\t\t\t\t\t\t<\/div>\n\t\t\t\t<\/div>\n\t\t\t\t\t<\/div>\n\t\t<\/div>\n\t\t\t\t<div class=\"elementor-column elementor-col-50 elementor-top-column elementor-element elementor-element-20fcb295\" data-id=\"20fcb295\" data-element_type=\"column\" data-e-type=\"column\">\n\t\t\t<div class=\"elementor-widget-wrap elementor-element-populated\">\n\t\t\t\t\t\t<section class=\"elementor-section elementor-inner-section elementor-element elementor-element-7a6de2f3 elementor-section-boxed elementor-section-height-default elementor-section-height-default\" data-id=\"7a6de2f3\" data-element_type=\"section\" data-e-type=\"section\">\n\t\t\t\t\t\t<div class=\"elementor-container elementor-column-gap-default\">\n\t\t\t\t\t<div class=\"elementor-column elementor-col-100 elementor-inner-column elementor-element elementor-element-118a95b\" data-id=\"118a95b\" data-element_type=\"column\" data-e-type=\"column\">\n\t\t\t<div class=\"elementor-widget-wrap\">\n\t\t\t\t\t\t\t<\/div>\n\t\t<\/div>\n\t\t\t\t\t<\/div>\n\t\t<\/section>\n\t\t\t\t<div class=\"elementor-element elementor-element-c3d0737 elementor-widget elementor-widget-heading\" data-id=\"c3d0737\" data-element_type=\"widget\" data-e-type=\"widget\" data-widget_type=\"heading.default\">\n\t\t\t\t<div class=\"elementor-widget-container\">\n\t\t\t\t\t<h6 class=\"elementor-heading-title elementor-size-default\">Exkluzivn\u00ed kolekce  \u0161perk\u016f<\/h6>\t\t\t\t<\/div>\n\t\t\t\t<\/div>\n\t\t\t\t<div class=\"elementor-element elementor-element-430b94e elementor-widget elementor-widget-heading\" data-id=\"430b94e\" data-element_type=\"widget\" data-e-type=\"widget\" data-widget_type=\"heading.default\">\n\t\t\t\t<div class=\"elementor-widget-container\">\n\t\t\t\t\t<h2 class=\"elementor-heading-title elementor-size-default\">Prohl\u00e9dn\u011bte si na\u0161i nab\u00eddku \u0161perk\u016f<\/h2>\t\t\t\t<\/div>\n\t\t\t\t<\/div>\n\t\t\t\t<div class=\"elementor-element elementor-element-773373e elementor-widget elementor-widget-text-editor\" data-id=\"773373e\" data-element_type=\"widget\" data-e-type=\"widget\" data-widget_type=\"text-editor.default\">\n\t\t\t\t<div class=\"elementor-widget-container\">\n\t\t\t\t\t\t\t\t\t<p>N\u00e1\u0161 v\u00fdb\u011br kamen\u016f a \u0161perk\u016f v\u00e1m p\u0159inese neopakovateln\u00fd luxus a kr\u00e1su. Zanechte nezapomenuteln\u00fd dojem s na\u0161imi jedine\u010dn\u00fdmi \u0161perky<\/p>\t\t\t\t\t\t\t\t<\/div>\n\t\t\t\t<\/div>\n\t\t\t\t<div class=\"elementor-element elementor-element-10fbda4 elementor-align-left elementor-invisible elementor-widget elementor-widget-button\" data-id=\"10fbda4\" data-element_type=\"widget\" data-e-type=\"widget\" data-settings=\"{&quot;_animation&quot;:&quot;fadeInUp&quot;,&quot;_animation_delay&quot;:0}\" data-widget_type=\"button.default\">\n\t\t\t\t<div class=\"elementor-widget-container\">\n\t\t\t\t\t\t\t\t\t<div class=\"elementor-button-wrapper\">\n\t\t\t\t\t<a class=\"elementor-button elementor-button-link elementor-size-sm\" href=\"https:\/\/gembox.app\/catalog\/MJH3KRcJ0Y\" target=\"_blank\">\n\t\t\t\t\t\t<span class=\"elementor-button-content-wrapper\">\n\t\t\t\t\t\t\t\t\t<span class=\"elementor-button-text\">Katalog produkt\u016f<\/span>\n\t\t\t\t\t<\/span>\n\t\t\t\t\t<\/a>\n\t\t\t\t<\/div>\n\t\t\t\t\t\t\t\t<\/div>\n\t\t\t\t<\/div>\n\t\t\t\t<div class=\"elementor-element elementor-element-84f8ddc elementor-widget-divider--view-line elementor-widget elementor-widget-divider\" data-id=\"84f8ddc\" data-element_type=\"widget\" data-e-type=\"widget\" data-widget_type=\"divider.default\">\n\t\t\t\t<div class=\"elementor-widget-container\">\n\t\t\t\t\t\t\t<div class=\"elementor-divider\">\n\t\t\t<span class=\"elementor-divider-separator\">\n\t\t\t\t\t\t<\/span>\n\t\t<\/div>\n\t\t\t\t\t\t<\/div>\n\t\t\t\t<\/div>\n\t\t\t\t<div class=\"elementor-element elementor-element-782d060 elementor-widget elementor-widget-heading\" data-id=\"782d060\" data-element_type=\"widget\" data-e-type=\"widget\" data-widget_type=\"heading.default\">\n\t\t\t\t<div class=\"elementor-widget-container\">\n\t\t\t\t\t<h3 class=\"elementor-heading-title elementor-size-default\">Kontaktujte n\u00e1s<\/h3>\t\t\t\t<\/div>\n\t\t\t\t<\/div>\n\t\t\t\t<div class=\"elementor-element elementor-element-9bae338 elementor-widget elementor-widget-text-editor\" data-id=\"9bae338\" data-element_type=\"widget\" data-e-type=\"widget\" data-widget_type=\"text-editor.default\">\n\t\t\t\t<div class=\"elementor-widget-container\">\n\t\t\t\t\t\t\t\t\t<p>Telefon: +420 731 454 447<br \/>Email: diamant.poradenstvi@gmail.com<\/p>\t\t\t\t\t\t\t\t<\/div>\n\t\t\t\t<\/div>\n\t\t\t\t\t<\/div>\n\t\t<\/div>\n\t\t\t\t\t<\/div>\n\t\t<\/section>\n\t\t\t\t<section class=\"elementor-section elementor-top-section elementor-element elementor-element-7eb4b487 elementor-section-full_width elementor-section-height-default elementor-section-height-default\" data-id=\"7eb4b487\" data-element_type=\"section\" data-e-type=\"section\">\n\t\t\t\t\t\t<div class=\"elementor-container elementor-column-gap-default\">\n\t\t\t\t\t<div class=\"elementor-column elementor-col-100 elementor-top-column elementor-element elementor-element-7f6c1734\" data-id=\"7f6c1734\" data-element_type=\"column\" data-e-type=\"column\">\n\t\t\t<div class=\"elementor-widget-wrap\">\n\t\t\t\t\t\t\t<\/div>\n\t\t<\/div>\n\t\t\t\t\t<\/div>\n\t\t<\/section>\n\t\t\t\t<\/div>\n\t\t","protected":false},"excerpt":{"rendered":"<p>INVESTICE Investice do diamant\u016f, zlata a drah\u00fdch kamen\u016f Ve spole\u010dnosti DIAMOND DREAM CZ s.r.o. v\u00e1m nab\u00edz\u00edme jedine\u010dnou p\u0159\u00edle\u017eitost investovat do diamant\u016f, zlata a drah\u00fdch kamen\u016f, jedn\u011bch z nejstabiln\u011bj\u0161\u00edch a nejcenn\u011bj\u0161\u00edch komodit na sv\u011btov\u00e9m trhu. Na\u0161e investi\u010dn\u00ed produkty jsou pe\u010dliv\u011b vybr\u00e1ny, aby v\u00e1m poskytly maxim\u00e1ln\u00ed zhodnocen\u00ed a dlouhodobou hodnotu. K tomu p\u0159istupujeme s maxim\u00e1ln\u00ed diskr\u00e9tnost\u00ed a&#8230;<\/p>\n","protected":false},"author":1,"featured_media":0,"parent":0,"menu_order":0,"comment_status":"closed","ping_status":"closed","template":"elementor_header_footer","meta":{"_kadence_starter_templates_imported_post":true,"_kad_post_transparent":"","_kad_post_title":"hide","_kad_post_layout":"normal","_kad_post_sidebar_id":"","_kad_post_content_style":"unboxed","_kad_post_vertical_padding":"hide","_kad_post_feature":"hide","_kad_post_feature_position":"","_kad_post_header":false,"_kad_post_footer":false,"_kad_post_classname":"","footnotes":""},"class_list":["post-1051","page","type-page","status-publish","hentry"],"_links":{"self":[{"href":"https:\/\/diamond-dream.cz\/index.php?rest_route=\/wp\/v2\/pages\/1051","targetHints":{"allow":["GET"]}}],"collection":[{"href":"https:\/\/diamond-dream.cz\/index.php?rest_route=\/wp\/v2\/pages"}],"about":[{"href":"https:\/\/diamond-dream.cz\/index.php?rest_route=\/wp\/v2\/types\/page"}],"author":[{"embeddable":true,"href":"https:\/\/diamond-dream.cz\/index.php?rest_route=\/wp\/v2\/users\/1"}],"replies":[{"embeddable":true,"href":"https:\/\/diamond-dream.cz\/index.php?rest_route=%2Fwp%2Fv2%2Fcomments&post=1051"}],"version-history":[{"count":88,"href":"https:\/\/diamond-dream.cz\/index.php?rest_route=\/wp\/v2\/pages\/1051\/revisions"}],"predecessor-version":[{"id":2223,"href":"https:\/\/diamond-dream.cz\/index.php?rest_route=\/wp\/v2\/pages\/1051\/revisions\/2223"}],"wp:attachment":[{"href":"https:\/\/diamond-dream.cz\/index.php?rest_route=%2Fwp%2Fv2%2Fmedia&parent=1051"}],"curies":[{"name":"wp","href":"https:\/\/api.w.org\/{rel}","templated":true}]}}